{"id":1612,"date":"2024-09-17T16:05:12","date_gmt":"2024-09-17T14:05:12","guid":{"rendered":"https:\/\/recette-vinciairports.vairports-vt-preprod-lamp01.dcsrv.eu\/?page_id=1612"},"modified":"2025-01-30T10:48:03","modified_gmt":"2025-01-30T09:48:03","slug":"10-raisons-de-rejoindre-vinci-airports","status":"publish","type":"page","link":"https:\/\/vinci-airports.com\/fr\/nous-rejoindre\/10-raisons-de-rejoindre-vinci-airports\/","title":{"rendered":"10 raisons de rejoindre VINCI Airports"},"content":{"rendered":"","protected":false},"excerpt":{"rendered":"","protected":false},"author":1,"featured_media":0,"parent":50,"menu_order":0,"comment_status":"closed","ping_status":"closed","template":"","meta":{"_acf_changed":false,"footnotes":""},"class_list":["post-1612","page","type-page","status-publish","hentry"],"acf":[],"yoast_head":"<!-- This site is optimized with the Yoast SEO plugin v27.2 - https:\/\/yoast.com\/product\/yoast-seo-wordpress\/ -->\n<title>10 raisons de rejoindre VINCI Airports - VINCI Airports<\/title>\n<meta name=\"description\" content=\"Rejoignez un leader mondial de la gestion a\u00e9roportuaire, engag\u00e9 pour l&#039;innovation, la mobilit\u00e9 durable et le d\u00e9veloppement des talents.\" \/>\n<meta name=\"robots\" content=\"index, follow, max-snippet:-1, max-image-preview:large, max-video-preview:-1\" \/>\n<link rel=\"canonical\" href=\"https:\/\/vinci-airports.com\/fr\/nous-rejoindre\/10-raisons-de-rejoindre-vinci-airports\/\" \/>\n<meta property=\"og:locale\" content=\"fr_FR\" \/>\n<meta property=\"og:type\" content=\"article\" \/>\n<meta property=\"og:title\" content=\"10 raisons de rejoindre VINCI Airports - VINCI Airports\" \/>\n<meta property=\"og:description\" content=\"Rejoignez un leader mondial de la gestion a\u00e9roportuaire, engag\u00e9 pour l&#039;innovation, la mobilit\u00e9 durable et le d\u00e9veloppement des talents.\" \/>\n<meta property=\"og:url\" content=\"https:\/\/vinci-airports.com\/fr\/nous-rejoindre\/10-raisons-de-rejoindre-vinci-airports\/\" \/>\n<meta property=\"og:site_name\" content=\"VINCI Airports\" \/>\n<meta property=\"article:modified_time\" content=\"2025-01-30T09:48:03+00:00\" \/>\n<meta name=\"twitter:card\" content=\"summary_large_image\" \/>\n<meta name=\"twitter:site\" content=\"@vinciairports\" \/>\n<script type=\"application\/ld+json\" class=\"yoast-schema-graph\">{\"@context\":\"https:\/\/schema.org\",\"@graph\":[{\"@type\":\"WebPage\",\"@id\":\"https:\/\/vinci-airports.com\/fr\/nous-rejoindre\/10-raisons-de-rejoindre-vinci-airports\/\",\"url\":\"https:\/\/vinci-airports.com\/fr\/nous-rejoindre\/10-raisons-de-rejoindre-vinci-airports\/\",\"name\":\"10 raisons de rejoindre VINCI Airports - VINCI Airports\",\"isPartOf\":{\"@id\":\"https:\/\/vinci-airports.com\/fr\/#website\"},\"datePublished\":\"2024-09-17T14:05:12+00:00\",\"dateModified\":\"2025-01-30T09:48:03+00:00\",\"description\":\"Rejoignez un leader mondial de la gestion a\u00e9roportuaire, engag\u00e9 pour l'innovation, la mobilit\u00e9 durable et le d\u00e9veloppement des talents.\",\"breadcrumb\":{\"@id\":\"https:\/\/vinci-airports.com\/fr\/nous-rejoindre\/10-raisons-de-rejoindre-vinci-airports\/#breadcrumb\"},\"inLanguage\":\"fr-FR\",\"potentialAction\":[{\"@type\":\"ReadAction\",\"target\":[\"https:\/\/vinci-airports.com\/fr\/nous-rejoindre\/10-raisons-de-rejoindre-vinci-airports\/\"]}]},{\"@type\":\"BreadcrumbList\",\"@id\":\"https:\/\/vinci-airports.com\/fr\/nous-rejoindre\/10-raisons-de-rejoindre-vinci-airports\/#breadcrumb\",\"itemListElement\":[{\"@type\":\"ListItem\",\"position\":1,\"name\":\"Home\",\"item\":\"https:\/\/vinci-airports.com\/fr\/\"},{\"@type\":\"ListItem\",\"position\":2,\"name\":\"Nous rejoindre\",\"item\":\"https:\/\/vinci-airports.com\/fr\/nous-rejoindre\/\"},{\"@type\":\"ListItem\",\"position\":3,\"name\":\"10 raisons de rejoindre VINCI Airports\"}]},{\"@type\":\"WebSite\",\"@id\":\"https:\/\/vinci-airports.com\/fr\/#website\",\"url\":\"https:\/\/vinci-airports.com\/fr\/\",\"name\":\"VINCI Airports\",\"description\":\"Leader mondial des concessions a\u00e9roportuaires\",\"publisher\":{\"@id\":\"https:\/\/vinci-airports.com\/fr\/#organization\"},\"potentialAction\":[{\"@type\":\"SearchAction\",\"target\":{\"@type\":\"EntryPoint\",\"urlTemplate\":\"https:\/\/vinci-airports.com\/fr\/?s={search_term_string}\"},\"query-input\":{\"@type\":\"PropertyValueSpecification\",\"valueRequired\":true,\"valueName\":\"search_term_string\"}}],\"inLanguage\":\"fr-FR\"},{\"@type\":\"Organization\",\"@id\":\"https:\/\/vinci-airports.com\/fr\/#organization\",\"name\":\"VINCI Airports\",\"url\":\"https:\/\/vinci-airports.com\/fr\/\",\"logo\":{\"@type\":\"ImageObject\",\"inLanguage\":\"fr-FR\",\"@id\":\"https:\/\/vinci-airports.com\/fr\/#\/schema\/logo\/image\/\",\"url\":\"https:\/\/vinci-airports.com\/wp-content\/uploads\/2025\/02\/cropped-Favicon.png\",\"contentUrl\":\"https:\/\/vinci-airports.com\/wp-content\/uploads\/2025\/02\/cropped-Favicon.png\",\"width\":512,\"height\":512,\"caption\":\"VINCI Airports\"},\"image\":{\"@id\":\"https:\/\/vinci-airports.com\/fr\/#\/schema\/logo\/image\/\"},\"sameAs\":[\"https:\/\/x.com\/vinciairports\",\"https:\/\/www.linkedin.com\/company\/vinci-airports\/\",\"https:\/\/www.youtube.com\/c\/VINCIAirportsNetwork\",\"https:\/\/www.instagram.com\/vinciairports\/\"]}]}<\/script>\n<!-- \/ Yoast SEO plugin. -->","yoast_head_json":{"title":"10 raisons de rejoindre VINCI Airports - VINCI Airports","description":"Rejoignez un leader mondial de la gestion a\u00e9roportuaire, engag\u00e9 pour l'innovation, la mobilit\u00e9 durable et le d\u00e9veloppement des talents.","robots":{"index":"index","follow":"follow","max-snippet":"max-snippet:-1","max-image-preview":"max-image-preview:large","max-video-preview":"max-video-preview:-1"},"canonical":"https:\/\/vinci-airports.com\/fr\/nous-rejoindre\/10-raisons-de-rejoindre-vinci-airports\/","og_locale":"fr_FR","og_type":"article","og_title":"10 raisons de rejoindre VINCI Airports - VINCI Airports","og_description":"Rejoignez un leader mondial de la gestion a\u00e9roportuaire, engag\u00e9 pour l'innovation, la mobilit\u00e9 durable et le d\u00e9veloppement des talents.","og_url":"https:\/\/vinci-airports.com\/fr\/nous-rejoindre\/10-raisons-de-rejoindre-vinci-airports\/","og_site_name":"VINCI Airports","article_modified_time":"2025-01-30T09:48:03+00:00","twitter_card":"summary_large_image","twitter_site":"@vinciairports","schema":{"@context":"https:\/\/schema.org","@graph":[{"@type":"WebPage","@id":"https:\/\/vinci-airports.com\/fr\/nous-rejoindre\/10-raisons-de-rejoindre-vinci-airports\/","url":"https:\/\/vinci-airports.com\/fr\/nous-rejoindre\/10-raisons-de-rejoindre-vinci-airports\/","name":"10 raisons de rejoindre VINCI Airports - VINCI Airports","isPartOf":{"@id":"https:\/\/vinci-airports.com\/fr\/#website"},"datePublished":"2024-09-17T14:05:12+00:00","dateModified":"2025-01-30T09:48:03+00:00","description":"Rejoignez un leader mondial de la gestion a\u00e9roportuaire, engag\u00e9 pour l'innovation, la mobilit\u00e9 durable et le d\u00e9veloppement des talents.","breadcrumb":{"@id":"https:\/\/vinci-airports.com\/fr\/nous-rejoindre\/10-raisons-de-rejoindre-vinci-airports\/#breadcrumb"},"inLanguage":"fr-FR","potentialAction":[{"@type":"ReadAction","target":["https:\/\/vinci-airports.com\/fr\/nous-rejoindre\/10-raisons-de-rejoindre-vinci-airports\/"]}]},{"@type":"BreadcrumbList","@id":"https:\/\/vinci-airports.com\/fr\/nous-rejoindre\/10-raisons-de-rejoindre-vinci-airports\/#breadcrumb","itemListElement":[{"@type":"ListItem","position":1,"name":"Home","item":"https:\/\/vinci-airports.com\/fr\/"},{"@type":"ListItem","position":2,"name":"Nous rejoindre","item":"https:\/\/vinci-airports.com\/fr\/nous-rejoindre\/"},{"@type":"ListItem","position":3,"name":"10 raisons de rejoindre VINCI Airports"}]},{"@type":"WebSite","@id":"https:\/\/vinci-airports.com\/fr\/#website","url":"https:\/\/vinci-airports.com\/fr\/","name":"VINCI Airports","description":"Leader mondial des concessions a\u00e9roportuaires","publisher":{"@id":"https:\/\/vinci-airports.com\/fr\/#organization"},"potentialAction":[{"@type":"SearchAction","target":{"@type":"EntryPoint","urlTemplate":"https:\/\/vinci-airports.com\/fr\/?s={search_term_string}"},"query-input":{"@type":"PropertyValueSpecification","valueRequired":true,"valueName":"search_term_string"}}],"inLanguage":"fr-FR"},{"@type":"Organization","@id":"https:\/\/vinci-airports.com\/fr\/#organization","name":"VINCI Airports","url":"https:\/\/vinci-airports.com\/fr\/","logo":{"@type":"ImageObject","inLanguage":"fr-FR","@id":"https:\/\/vinci-airports.com\/fr\/#\/schema\/logo\/image\/","url":"https:\/\/vinci-airports.com\/wp-content\/uploads\/2025\/02\/cropped-Favicon.png","contentUrl":"https:\/\/vinci-airports.com\/wp-content\/uploads\/2025\/02\/cropped-Favicon.png","width":512,"height":512,"caption":"VINCI Airports"},"image":{"@id":"https:\/\/vinci-airports.com\/fr\/#\/schema\/logo\/image\/"},"sameAs":["https:\/\/x.com\/vinciairports","https:\/\/www.linkedin.com\/company\/vinci-airports\/","https:\/\/www.youtube.com\/c\/VINCIAirportsNetwork","https:\/\/www.instagram.com\/vinciairports\/"]}]}},"_links":{"self":[{"href":"https:\/\/vinci-airports.com\/fr\/wp-json\/wp\/v2\/pages\/1612","targetHints":{"allow":["GET"]}}],"collection":[{"href":"https:\/\/vinci-airports.com\/fr\/wp-json\/wp\/v2\/pages"}],"about":[{"href":"https:\/\/vinci-airports.com\/fr\/wp-json\/wp\/v2\/types\/page"}],"author":[{"embeddable":true,"href":"https:\/\/vinci-airports.com\/fr\/wp-json\/wp\/v2\/users\/1"}],"replies":[{"embeddable":true,"href":"https:\/\/vinci-airports.com\/fr\/wp-json\/wp\/v2\/comments?post=1612"}],"version-history":[{"count":0,"href":"https:\/\/vinci-airports.com\/fr\/wp-json\/wp\/v2\/pages\/1612\/revisions"}],"up":[{"embeddable":true,"href":"https:\/\/vinci-airports.com\/fr\/wp-json\/wp\/v2\/pages\/50"}],"wp:attachment":[{"href":"https:\/\/vinci-airports.com\/fr\/wp-json\/wp\/v2\/media?parent=1612"}],"curies":[{"name":"wp","href":"https:\/\/api.w.org\/{rel}","templated":true}]}}