{"id":48,"date":"2024-06-25T11:37:27","date_gmt":"2024-06-25T09:37:27","guid":{"rendered":"http:\/\/local.vinci-airports\/?page_id=48"},"modified":"2025-09-19T16:41:48","modified_gmt":"2025-09-19T14:41:48","slug":"nos-engagements","status":"publish","type":"page","link":"https:\/\/vinci-airports.com\/fr\/nos-engagements\/","title":{"rendered":"Nos engagements"},"content":{"rendered":"<p>La mobilit\u00e9 est la cl\u00e9 de la prosp\u00e9rit\u00e9 des territoires et des g\u00e9n\u00e9rations futures. Conscient de cet enjeu, et engag\u00e9 dans la d\u00e9carbonisation de la mobilit\u00e9 a\u00e9rienne, VINCI Airports m\u00e8ne une transition environnementale rapide et durable sur son r\u00e9seau. Nous maximisons son potentiel, au service de la croissance durable et de la transition \u00e9cologique, en partenariat avec les territoires qui nous confient leurs a\u00e9roports.<\/p>\n","protected":false},"excerpt":{"rendered":"<p>La mobilit\u00e9 est la cl\u00e9 de la prosp\u00e9rit\u00e9 des territoires et des g\u00e9n\u00e9rations futures. Conscient de cet enjeu, et engag\u00e9 dans la d\u00e9carbonisation de la mobilit\u00e9 a\u00e9rienne, VINCI Airports m\u00e8ne une transition environnementale rapide et durable sur son r\u00e9seau. Nous maximisons son potentiel, au service de la croissance durable et de la transition \u00e9cologique, en [&hellip;]<\/p>\n","protected":false},"author":1,"featured_media":0,"parent":0,"menu_order":0,"comment_status":"closed","ping_status":"closed","template":"","meta":{"_acf_changed":false,"footnotes":""},"class_list":["post-48","page","type-page","status-publish","hentry"],"acf":[],"yoast_head":"<!-- This site is optimized with the Yoast SEO plugin v27.2 - https:\/\/yoast.com\/product\/yoast-seo-wordpress\/ -->\n<title>Nos engagements - VINCI Airports<\/title>\n<meta name=\"description\" content=\"VINCI Airports inscrit tous les a\u00e9roports de son r\u00e9seau dans une trajectoire de transition environnementale, dont les premiers effets sont d\u00e9j\u00e0 visibles.\" \/>\n<meta name=\"robots\" content=\"index, follow, max-snippet:-1, max-image-preview:large, max-video-preview:-1\" \/>\n<link rel=\"canonical\" href=\"https:\/\/vinci-airports.com\/fr\/nos-engagements\/\" \/>\n<meta property=\"og:locale\" content=\"fr_FR\" \/>\n<meta property=\"og:type\" content=\"article\" \/>\n<meta property=\"og:title\" content=\"Nos engagements - VINCI Airports\" \/>\n<meta property=\"og:description\" content=\"VINCI Airports inscrit tous les a\u00e9roports de son r\u00e9seau dans une trajectoire de transition environnementale, dont les premiers effets sont d\u00e9j\u00e0 visibles.\" \/>\n<meta property=\"og:url\" content=\"https:\/\/vinci-airports.com\/fr\/nos-engagements\/\" \/>\n<meta property=\"og:site_name\" content=\"VINCI Airports\" \/>\n<meta property=\"article:modified_time\" content=\"2025-09-19T14:41:48+00:00\" \/>\n<meta name=\"twitter:card\" content=\"summary_large_image\" \/>\n<meta name=\"twitter:site\" content=\"@vinciairports\" \/>\n<meta name=\"twitter:label1\" content=\"Dur\u00e9e de lecture estim\u00e9e\" \/>\n\t<meta name=\"twitter:data1\" content=\"1 minute\" \/>\n<script type=\"application\/ld+json\" class=\"yoast-schema-graph\">{\"@context\":\"https:\/\/schema.org\",\"@graph\":[{\"@type\":\"WebPage\",\"@id\":\"https:\/\/vinci-airports.com\/fr\/nos-engagements\/\",\"url\":\"https:\/\/vinci-airports.com\/fr\/nos-engagements\/\",\"name\":\"Nos engagements - VINCI Airports\",\"isPartOf\":{\"@id\":\"https:\/\/vinci-airports.com\/fr\/#website\"},\"datePublished\":\"2024-06-25T09:37:27+00:00\",\"dateModified\":\"2025-09-19T14:41:48+00:00\",\"description\":\"VINCI Airports inscrit tous les a\u00e9roports de son r\u00e9seau dans une trajectoire de transition environnementale, dont les premiers effets sont d\u00e9j\u00e0 visibles.\",\"breadcrumb\":{\"@id\":\"https:\/\/vinci-airports.com\/fr\/nos-engagements\/#breadcrumb\"},\"inLanguage\":\"fr-FR\",\"potentialAction\":[{\"@type\":\"ReadAction\",\"target\":[\"https:\/\/vinci-airports.com\/fr\/nos-engagements\/\"]}]},{\"@type\":\"BreadcrumbList\",\"@id\":\"https:\/\/vinci-airports.com\/fr\/nos-engagements\/#breadcrumb\",\"itemListElement\":[{\"@type\":\"ListItem\",\"position\":1,\"name\":\"Home\",\"item\":\"https:\/\/vinci-airports.com\/fr\/\"},{\"@type\":\"ListItem\",\"position\":2,\"name\":\"Nos engagements\"}]},{\"@type\":\"WebSite\",\"@id\":\"https:\/\/vinci-airports.com\/fr\/#website\",\"url\":\"https:\/\/vinci-airports.com\/fr\/\",\"name\":\"VINCI Airports\",\"description\":\"Leader mondial des concessions a\u00e9roportuaires\",\"publisher\":{\"@id\":\"https:\/\/vinci-airports.com\/fr\/#organization\"},\"potentialAction\":[{\"@type\":\"SearchAction\",\"target\":{\"@type\":\"EntryPoint\",\"urlTemplate\":\"https:\/\/vinci-airports.com\/fr\/?s={search_term_string}\"},\"query-input\":{\"@type\":\"PropertyValueSpecification\",\"valueRequired\":true,\"valueName\":\"search_term_string\"}}],\"inLanguage\":\"fr-FR\"},{\"@type\":\"Organization\",\"@id\":\"https:\/\/vinci-airports.com\/fr\/#organization\",\"name\":\"VINCI Airports\",\"url\":\"https:\/\/vinci-airports.com\/fr\/\",\"logo\":{\"@type\":\"ImageObject\",\"inLanguage\":\"fr-FR\",\"@id\":\"https:\/\/vinci-airports.com\/fr\/#\/schema\/logo\/image\/\",\"url\":\"https:\/\/vinci-airports.com\/wp-content\/uploads\/2025\/02\/cropped-Favicon.png\",\"contentUrl\":\"https:\/\/vinci-airports.com\/wp-content\/uploads\/2025\/02\/cropped-Favicon.png\",\"width\":512,\"height\":512,\"caption\":\"VINCI Airports\"},\"image\":{\"@id\":\"https:\/\/vinci-airports.com\/fr\/#\/schema\/logo\/image\/\"},\"sameAs\":[\"https:\/\/x.com\/vinciairports\",\"https:\/\/www.linkedin.com\/company\/vinci-airports\/\",\"https:\/\/www.youtube.com\/c\/VINCIAirportsNetwork\",\"https:\/\/www.instagram.com\/vinciairports\/\"]}]}<\/script>\n<!-- \/ Yoast SEO plugin. -->","yoast_head_json":{"title":"Nos engagements - VINCI Airports","description":"VINCI Airports inscrit tous les a\u00e9roports de son r\u00e9seau dans une trajectoire de transition environnementale, dont les premiers effets sont d\u00e9j\u00e0 visibles.","robots":{"index":"index","follow":"follow","max-snippet":"max-snippet:-1","max-image-preview":"max-image-preview:large","max-video-preview":"max-video-preview:-1"},"canonical":"https:\/\/vinci-airports.com\/fr\/nos-engagements\/","og_locale":"fr_FR","og_type":"article","og_title":"Nos engagements - VINCI Airports","og_description":"VINCI Airports inscrit tous les a\u00e9roports de son r\u00e9seau dans une trajectoire de transition environnementale, dont les premiers effets sont d\u00e9j\u00e0 visibles.","og_url":"https:\/\/vinci-airports.com\/fr\/nos-engagements\/","og_site_name":"VINCI Airports","article_modified_time":"2025-09-19T14:41:48+00:00","twitter_card":"summary_large_image","twitter_site":"@vinciairports","twitter_misc":{"Dur\u00e9e de lecture estim\u00e9e":"1 minute"},"schema":{"@context":"https:\/\/schema.org","@graph":[{"@type":"WebPage","@id":"https:\/\/vinci-airports.com\/fr\/nos-engagements\/","url":"https:\/\/vinci-airports.com\/fr\/nos-engagements\/","name":"Nos engagements - VINCI Airports","isPartOf":{"@id":"https:\/\/vinci-airports.com\/fr\/#website"},"datePublished":"2024-06-25T09:37:27+00:00","dateModified":"2025-09-19T14:41:48+00:00","description":"VINCI Airports inscrit tous les a\u00e9roports de son r\u00e9seau dans une trajectoire de transition environnementale, dont les premiers effets sont d\u00e9j\u00e0 visibles.","breadcrumb":{"@id":"https:\/\/vinci-airports.com\/fr\/nos-engagements\/#breadcrumb"},"inLanguage":"fr-FR","potentialAction":[{"@type":"ReadAction","target":["https:\/\/vinci-airports.com\/fr\/nos-engagements\/"]}]},{"@type":"BreadcrumbList","@id":"https:\/\/vinci-airports.com\/fr\/nos-engagements\/#breadcrumb","itemListElement":[{"@type":"ListItem","position":1,"name":"Home","item":"https:\/\/vinci-airports.com\/fr\/"},{"@type":"ListItem","position":2,"name":"Nos engagements"}]},{"@type":"WebSite","@id":"https:\/\/vinci-airports.com\/fr\/#website","url":"https:\/\/vinci-airports.com\/fr\/","name":"VINCI Airports","description":"Leader mondial des concessions a\u00e9roportuaires","publisher":{"@id":"https:\/\/vinci-airports.com\/fr\/#organization"},"potentialAction":[{"@type":"SearchAction","target":{"@type":"EntryPoint","urlTemplate":"https:\/\/vinci-airports.com\/fr\/?s={search_term_string}"},"query-input":{"@type":"PropertyValueSpecification","valueRequired":true,"valueName":"search_term_string"}}],"inLanguage":"fr-FR"},{"@type":"Organization","@id":"https:\/\/vinci-airports.com\/fr\/#organization","name":"VINCI Airports","url":"https:\/\/vinci-airports.com\/fr\/","logo":{"@type":"ImageObject","inLanguage":"fr-FR","@id":"https:\/\/vinci-airports.com\/fr\/#\/schema\/logo\/image\/","url":"https:\/\/vinci-airports.com\/wp-content\/uploads\/2025\/02\/cropped-Favicon.png","contentUrl":"https:\/\/vinci-airports.com\/wp-content\/uploads\/2025\/02\/cropped-Favicon.png","width":512,"height":512,"caption":"VINCI Airports"},"image":{"@id":"https:\/\/vinci-airports.com\/fr\/#\/schema\/logo\/image\/"},"sameAs":["https:\/\/x.com\/vinciairports","https:\/\/www.linkedin.com\/company\/vinci-airports\/","https:\/\/www.youtube.com\/c\/VINCIAirportsNetwork","https:\/\/www.instagram.com\/vinciairports\/"]}]}},"_links":{"self":[{"href":"https:\/\/vinci-airports.com\/fr\/wp-json\/wp\/v2\/pages\/48","targetHints":{"allow":["GET"]}}],"collection":[{"href":"https:\/\/vinci-airports.com\/fr\/wp-json\/wp\/v2\/pages"}],"about":[{"href":"https:\/\/vinci-airports.com\/fr\/wp-json\/wp\/v2\/types\/page"}],"author":[{"embeddable":true,"href":"https:\/\/vinci-airports.com\/fr\/wp-json\/wp\/v2\/users\/1"}],"replies":[{"embeddable":true,"href":"https:\/\/vinci-airports.com\/fr\/wp-json\/wp\/v2\/comments?post=48"}],"version-history":[{"count":1,"href":"https:\/\/vinci-airports.com\/fr\/wp-json\/wp\/v2\/pages\/48\/revisions"}],"predecessor-version":[{"id":3397,"href":"https:\/\/vinci-airports.com\/fr\/wp-json\/wp\/v2\/pages\/48\/revisions\/3397"}],"wp:attachment":[{"href":"https:\/\/vinci-airports.com\/fr\/wp-json\/wp\/v2\/media?parent=48"}],"curies":[{"name":"wp","href":"https:\/\/api.w.org\/{rel}","templated":true}]}}