{"id":575,"date":"2024-07-12T13:42:12","date_gmt":"2024-07-12T11:42:12","guid":{"rendered":"https:\/\/recette-vinciairports.vairports-vt-preprod-lamp01.dcsrv.eu\/?page_id=575"},"modified":"2026-02-16T18:34:41","modified_gmt":"2026-02-16T17:34:41","slug":"agir-pour-le-climat","status":"publish","type":"page","link":"https:\/\/vinci-airports.com\/fr\/nos-engagements\/agir-pour-le-climat\/","title":{"rendered":"Agir pour le climat"},"content":{"rendered":"","protected":false},"excerpt":{"rendered":"","protected":false},"author":1,"featured_media":0,"parent":48,"menu_order":0,"comment_status":"closed","ping_status":"closed","template":"","meta":{"_acf_changed":false,"footnotes":""},"class_list":["post-575","page","type-page","status-publish","hentry"],"acf":[],"yoast_head":"<!-- This site is optimized with the Yoast SEO plugin v27.2 - https:\/\/yoast.com\/product\/yoast-seo-wordpress\/ -->\n<title>Agir pour le climat - VINCI Airports<\/title>\n<meta name=\"description\" content=\"VINCI Airports s&#039;engage \u00e0 d\u00e9carboner la mobilit\u00e9 avec des actions concr\u00e8tes : efficacit\u00e9 \u00e9nerg\u00e9tique, \u00e9nergies renouvelables et soutien aux territoires.\" \/>\n<meta name=\"robots\" content=\"index, follow, max-snippet:-1, max-image-preview:large, max-video-preview:-1\" \/>\n<link rel=\"canonical\" href=\"https:\/\/vinci-airports.com\/fr\/nos-engagements\/agir-pour-le-climat\/\" \/>\n<meta property=\"og:locale\" content=\"fr_FR\" \/>\n<meta property=\"og:type\" content=\"article\" \/>\n<meta property=\"og:title\" content=\"Agir pour le climat - VINCI Airports\" \/>\n<meta property=\"og:description\" content=\"VINCI Airports s&#039;engage \u00e0 d\u00e9carboner la mobilit\u00e9 avec des actions concr\u00e8tes : efficacit\u00e9 \u00e9nerg\u00e9tique, \u00e9nergies renouvelables et soutien aux territoires.\" \/>\n<meta property=\"og:url\" content=\"https:\/\/vinci-airports.com\/fr\/nos-engagements\/agir-pour-le-climat\/\" \/>\n<meta property=\"og:site_name\" content=\"VINCI Airports\" \/>\n<meta property=\"article:modified_time\" content=\"2026-02-16T17:34:41+00:00\" \/>\n<meta name=\"twitter:card\" content=\"summary_large_image\" \/>\n<meta name=\"twitter:site\" content=\"@vinciairports\" \/>\n<script type=\"application\/ld+json\" class=\"yoast-schema-graph\">{\"@context\":\"https:\/\/schema.org\",\"@graph\":[{\"@type\":\"WebPage\",\"@id\":\"https:\/\/vinci-airports.com\/fr\/nos-engagements\/agir-pour-le-climat\/\",\"url\":\"https:\/\/vinci-airports.com\/fr\/nos-engagements\/agir-pour-le-climat\/\",\"name\":\"Agir pour le climat - VINCI Airports\",\"isPartOf\":{\"@id\":\"https:\/\/vinci-airports.com\/fr\/#website\"},\"datePublished\":\"2024-07-12T11:42:12+00:00\",\"dateModified\":\"2026-02-16T17:34:41+00:00\",\"description\":\"VINCI Airports s'engage \u00e0 d\u00e9carboner la mobilit\u00e9 avec des actions concr\u00e8tes : efficacit\u00e9 \u00e9nerg\u00e9tique, \u00e9nergies renouvelables et soutien aux territoires.\",\"breadcrumb\":{\"@id\":\"https:\/\/vinci-airports.com\/fr\/nos-engagements\/agir-pour-le-climat\/#breadcrumb\"},\"inLanguage\":\"fr-FR\",\"potentialAction\":[{\"@type\":\"ReadAction\",\"target\":[\"https:\/\/vinci-airports.com\/fr\/nos-engagements\/agir-pour-le-climat\/\"]}]},{\"@type\":\"BreadcrumbList\",\"@id\":\"https:\/\/vinci-airports.com\/fr\/nos-engagements\/agir-pour-le-climat\/#breadcrumb\",\"itemListElement\":[{\"@type\":\"ListItem\",\"position\":1,\"name\":\"Home\",\"item\":\"https:\/\/vinci-airports.com\/fr\/\"},{\"@type\":\"ListItem\",\"position\":2,\"name\":\"Nos engagements\",\"item\":\"https:\/\/vinci-airports.com\/fr\/nos-engagements\/\"},{\"@type\":\"ListItem\",\"position\":3,\"name\":\"Agir pour le climat\"}]},{\"@type\":\"WebSite\",\"@id\":\"https:\/\/vinci-airports.com\/fr\/#website\",\"url\":\"https:\/\/vinci-airports.com\/fr\/\",\"name\":\"VINCI Airports\",\"description\":\"Leader mondial des concessions a\u00e9roportuaires\",\"publisher\":{\"@id\":\"https:\/\/vinci-airports.com\/fr\/#organization\"},\"potentialAction\":[{\"@type\":\"SearchAction\",\"target\":{\"@type\":\"EntryPoint\",\"urlTemplate\":\"https:\/\/vinci-airports.com\/fr\/?s={search_term_string}\"},\"query-input\":{\"@type\":\"PropertyValueSpecification\",\"valueRequired\":true,\"valueName\":\"search_term_string\"}}],\"inLanguage\":\"fr-FR\"},{\"@type\":\"Organization\",\"@id\":\"https:\/\/vinci-airports.com\/fr\/#organization\",\"name\":\"VINCI Airports\",\"url\":\"https:\/\/vinci-airports.com\/fr\/\",\"logo\":{\"@type\":\"ImageObject\",\"inLanguage\":\"fr-FR\",\"@id\":\"https:\/\/vinci-airports.com\/fr\/#\/schema\/logo\/image\/\",\"url\":\"https:\/\/vinci-airports.com\/wp-content\/uploads\/2025\/02\/cropped-Favicon.png\",\"contentUrl\":\"https:\/\/vinci-airports.com\/wp-content\/uploads\/2025\/02\/cropped-Favicon.png\",\"width\":512,\"height\":512,\"caption\":\"VINCI Airports\"},\"image\":{\"@id\":\"https:\/\/vinci-airports.com\/fr\/#\/schema\/logo\/image\/\"},\"sameAs\":[\"https:\/\/x.com\/vinciairports\",\"https:\/\/www.linkedin.com\/company\/vinci-airports\/\",\"https:\/\/www.youtube.com\/c\/VINCIAirportsNetwork\",\"https:\/\/www.instagram.com\/vinciairports\/\"]}]}<\/script>\n<!-- \/ Yoast SEO plugin. -->","yoast_head_json":{"title":"Agir pour le climat - VINCI Airports","description":"VINCI Airports s'engage \u00e0 d\u00e9carboner la mobilit\u00e9 avec des actions concr\u00e8tes : efficacit\u00e9 \u00e9nerg\u00e9tique, \u00e9nergies renouvelables et soutien aux territoires.","robots":{"index":"index","follow":"follow","max-snippet":"max-snippet:-1","max-image-preview":"max-image-preview:large","max-video-preview":"max-video-preview:-1"},"canonical":"https:\/\/vinci-airports.com\/fr\/nos-engagements\/agir-pour-le-climat\/","og_locale":"fr_FR","og_type":"article","og_title":"Agir pour le climat - VINCI Airports","og_description":"VINCI Airports s'engage \u00e0 d\u00e9carboner la mobilit\u00e9 avec des actions concr\u00e8tes : efficacit\u00e9 \u00e9nerg\u00e9tique, \u00e9nergies renouvelables et soutien aux territoires.","og_url":"https:\/\/vinci-airports.com\/fr\/nos-engagements\/agir-pour-le-climat\/","og_site_name":"VINCI Airports","article_modified_time":"2026-02-16T17:34:41+00:00","twitter_card":"summary_large_image","twitter_site":"@vinciairports","schema":{"@context":"https:\/\/schema.org","@graph":[{"@type":"WebPage","@id":"https:\/\/vinci-airports.com\/fr\/nos-engagements\/agir-pour-le-climat\/","url":"https:\/\/vinci-airports.com\/fr\/nos-engagements\/agir-pour-le-climat\/","name":"Agir pour le climat - VINCI Airports","isPartOf":{"@id":"https:\/\/vinci-airports.com\/fr\/#website"},"datePublished":"2024-07-12T11:42:12+00:00","dateModified":"2026-02-16T17:34:41+00:00","description":"VINCI Airports s'engage \u00e0 d\u00e9carboner la mobilit\u00e9 avec des actions concr\u00e8tes : efficacit\u00e9 \u00e9nerg\u00e9tique, \u00e9nergies renouvelables et soutien aux territoires.","breadcrumb":{"@id":"https:\/\/vinci-airports.com\/fr\/nos-engagements\/agir-pour-le-climat\/#breadcrumb"},"inLanguage":"fr-FR","potentialAction":[{"@type":"ReadAction","target":["https:\/\/vinci-airports.com\/fr\/nos-engagements\/agir-pour-le-climat\/"]}]},{"@type":"BreadcrumbList","@id":"https:\/\/vinci-airports.com\/fr\/nos-engagements\/agir-pour-le-climat\/#breadcrumb","itemListElement":[{"@type":"ListItem","position":1,"name":"Home","item":"https:\/\/vinci-airports.com\/fr\/"},{"@type":"ListItem","position":2,"name":"Nos engagements","item":"https:\/\/vinci-airports.com\/fr\/nos-engagements\/"},{"@type":"ListItem","position":3,"name":"Agir pour le climat"}]},{"@type":"WebSite","@id":"https:\/\/vinci-airports.com\/fr\/#website","url":"https:\/\/vinci-airports.com\/fr\/","name":"VINCI Airports","description":"Leader mondial des concessions a\u00e9roportuaires","publisher":{"@id":"https:\/\/vinci-airports.com\/fr\/#organization"},"potentialAction":[{"@type":"SearchAction","target":{"@type":"EntryPoint","urlTemplate":"https:\/\/vinci-airports.com\/fr\/?s={search_term_string}"},"query-input":{"@type":"PropertyValueSpecification","valueRequired":true,"valueName":"search_term_string"}}],"inLanguage":"fr-FR"},{"@type":"Organization","@id":"https:\/\/vinci-airports.com\/fr\/#organization","name":"VINCI Airports","url":"https:\/\/vinci-airports.com\/fr\/","logo":{"@type":"ImageObject","inLanguage":"fr-FR","@id":"https:\/\/vinci-airports.com\/fr\/#\/schema\/logo\/image\/","url":"https:\/\/vinci-airports.com\/wp-content\/uploads\/2025\/02\/cropped-Favicon.png","contentUrl":"https:\/\/vinci-airports.com\/wp-content\/uploads\/2025\/02\/cropped-Favicon.png","width":512,"height":512,"caption":"VINCI Airports"},"image":{"@id":"https:\/\/vinci-airports.com\/fr\/#\/schema\/logo\/image\/"},"sameAs":["https:\/\/x.com\/vinciairports","https:\/\/www.linkedin.com\/company\/vinci-airports\/","https:\/\/www.youtube.com\/c\/VINCIAirportsNetwork","https:\/\/www.instagram.com\/vinciairports\/"]}]}},"_links":{"self":[{"href":"https:\/\/vinci-airports.com\/fr\/wp-json\/wp\/v2\/pages\/575","targetHints":{"allow":["GET"]}}],"collection":[{"href":"https:\/\/vinci-airports.com\/fr\/wp-json\/wp\/v2\/pages"}],"about":[{"href":"https:\/\/vinci-airports.com\/fr\/wp-json\/wp\/v2\/types\/page"}],"author":[{"embeddable":true,"href":"https:\/\/vinci-airports.com\/fr\/wp-json\/wp\/v2\/users\/1"}],"replies":[{"embeddable":true,"href":"https:\/\/vinci-airports.com\/fr\/wp-json\/wp\/v2\/comments?post=575"}],"version-history":[{"count":8,"href":"https:\/\/vinci-airports.com\/fr\/wp-json\/wp\/v2\/pages\/575\/revisions"}],"predecessor-version":[{"id":3896,"href":"https:\/\/vinci-airports.com\/fr\/wp-json\/wp\/v2\/pages\/575\/revisions\/3896"}],"up":[{"embeddable":true,"href":"https:\/\/vinci-airports.com\/fr\/wp-json\/wp\/v2\/pages\/48"}],"wp:attachment":[{"href":"https:\/\/vinci-airports.com\/fr\/wp-json\/wp\/v2\/media?parent=575"}],"curies":[{"name":"wp","href":"https:\/\/api.w.org\/{rel}","templated":true}]}}