{"id":580,"date":"2024-07-12T13:44:32","date_gmt":"2024-07-12T11:44:32","guid":{"rendered":"https:\/\/recette-vinciairports.vairports-vt-preprod-lamp01.dcsrv.eu\/?page_id=580"},"modified":"2025-09-19T17:03:09","modified_gmt":"2025-09-19T15:03:09","slug":"optimiser-les-ressources-grace-a-leconomie-circulaire","status":"publish","type":"page","link":"https:\/\/vinci-airports.com\/fr\/nos-engagements\/optimiser-les-ressources-grace-a-leconomie-circulaire\/","title":{"rendered":"Optimiser les ressources gr\u00e2ce \u00e0 l&rsquo;\u00e9conomie circulaire"},"content":{"rendered":"","protected":false},"excerpt":{"rendered":"","protected":false},"author":1,"featured_media":0,"parent":48,"menu_order":0,"comment_status":"closed","ping_status":"closed","template":"","meta":{"_acf_changed":false,"footnotes":""},"class_list":["post-580","page","type-page","status-publish","hentry"],"acf":[],"yoast_head":"<!-- This site is optimized with the Yoast SEO plugin v27.2 - https:\/\/yoast.com\/product\/yoast-seo-wordpress\/ -->\n<title>Optimiser les ressources gr\u00e2ce \u00e0 l&#039;\u00e9conomie circulaire - VINCI Airports<\/title>\n<meta name=\"description\" content=\"VINCI Airports adopte l&#039;\u00e9conomie circulaire pour limiter son empreinte carbone, en int\u00e9grant des mat\u00e9riaux recycl\u00e9s et en optimisant la gestion des d\u00e9chets.\" \/>\n<meta name=\"robots\" content=\"index, follow, max-snippet:-1, max-image-preview:large, max-video-preview:-1\" \/>\n<link rel=\"canonical\" href=\"https:\/\/vinci-airports.com\/fr\/nos-engagements\/optimiser-les-ressources-grace-a-leconomie-circulaire\/\" \/>\n<meta property=\"og:locale\" content=\"fr_FR\" \/>\n<meta property=\"og:type\" content=\"article\" \/>\n<meta property=\"og:title\" content=\"Optimiser les ressources gr\u00e2ce \u00e0 l&#039;\u00e9conomie circulaire - VINCI Airports\" \/>\n<meta property=\"og:description\" content=\"VINCI Airports adopte l&#039;\u00e9conomie circulaire pour limiter son empreinte carbone, en int\u00e9grant des mat\u00e9riaux recycl\u00e9s et en optimisant la gestion des d\u00e9chets.\" \/>\n<meta property=\"og:url\" content=\"https:\/\/vinci-airports.com\/fr\/nos-engagements\/optimiser-les-ressources-grace-a-leconomie-circulaire\/\" \/>\n<meta property=\"og:site_name\" content=\"VINCI Airports\" \/>\n<meta property=\"article:modified_time\" content=\"2025-09-19T15:03:09+00:00\" \/>\n<meta name=\"twitter:card\" content=\"summary_large_image\" \/>\n<meta name=\"twitter:site\" content=\"@vinciairports\" \/>\n<script type=\"application\/ld+json\" class=\"yoast-schema-graph\">{\"@context\":\"https:\/\/schema.org\",\"@graph\":[{\"@type\":\"WebPage\",\"@id\":\"https:\/\/vinci-airports.com\/fr\/nos-engagements\/optimiser-les-ressources-grace-a-leconomie-circulaire\/\",\"url\":\"https:\/\/vinci-airports.com\/fr\/nos-engagements\/optimiser-les-ressources-grace-a-leconomie-circulaire\/\",\"name\":\"Optimiser les ressources gr\u00e2ce \u00e0 l'\u00e9conomie circulaire - VINCI Airports\",\"isPartOf\":{\"@id\":\"https:\/\/vinci-airports.com\/fr\/#website\"},\"datePublished\":\"2024-07-12T11:44:32+00:00\",\"dateModified\":\"2025-09-19T15:03:09+00:00\",\"description\":\"VINCI Airports adopte l'\u00e9conomie circulaire pour limiter son empreinte carbone, en int\u00e9grant des mat\u00e9riaux recycl\u00e9s et en optimisant la gestion des d\u00e9chets.\",\"breadcrumb\":{\"@id\":\"https:\/\/vinci-airports.com\/fr\/nos-engagements\/optimiser-les-ressources-grace-a-leconomie-circulaire\/#breadcrumb\"},\"inLanguage\":\"fr-FR\",\"potentialAction\":[{\"@type\":\"ReadAction\",\"target\":[\"https:\/\/vinci-airports.com\/fr\/nos-engagements\/optimiser-les-ressources-grace-a-leconomie-circulaire\/\"]}]},{\"@type\":\"BreadcrumbList\",\"@id\":\"https:\/\/vinci-airports.com\/fr\/nos-engagements\/optimiser-les-ressources-grace-a-leconomie-circulaire\/#breadcrumb\",\"itemListElement\":[{\"@type\":\"ListItem\",\"position\":1,\"name\":\"Home\",\"item\":\"https:\/\/vinci-airports.com\/fr\/\"},{\"@type\":\"ListItem\",\"position\":2,\"name\":\"Nos engagements\",\"item\":\"https:\/\/vinci-airports.com\/fr\/nos-engagements\/\"},{\"@type\":\"ListItem\",\"position\":3,\"name\":\"Optimiser les ressources gr\u00e2ce \u00e0 l&rsquo;\u00e9conomie circulaire\"}]},{\"@type\":\"WebSite\",\"@id\":\"https:\/\/vinci-airports.com\/fr\/#website\",\"url\":\"https:\/\/vinci-airports.com\/fr\/\",\"name\":\"VINCI Airports\",\"description\":\"Leader mondial des concessions a\u00e9roportuaires\",\"publisher\":{\"@id\":\"https:\/\/vinci-airports.com\/fr\/#organization\"},\"potentialAction\":[{\"@type\":\"SearchAction\",\"target\":{\"@type\":\"EntryPoint\",\"urlTemplate\":\"https:\/\/vinci-airports.com\/fr\/?s={search_term_string}\"},\"query-input\":{\"@type\":\"PropertyValueSpecification\",\"valueRequired\":true,\"valueName\":\"search_term_string\"}}],\"inLanguage\":\"fr-FR\"},{\"@type\":\"Organization\",\"@id\":\"https:\/\/vinci-airports.com\/fr\/#organization\",\"name\":\"VINCI Airports\",\"url\":\"https:\/\/vinci-airports.com\/fr\/\",\"logo\":{\"@type\":\"ImageObject\",\"inLanguage\":\"fr-FR\",\"@id\":\"https:\/\/vinci-airports.com\/fr\/#\/schema\/logo\/image\/\",\"url\":\"https:\/\/vinci-airports.com\/wp-content\/uploads\/2025\/02\/cropped-Favicon.png\",\"contentUrl\":\"https:\/\/vinci-airports.com\/wp-content\/uploads\/2025\/02\/cropped-Favicon.png\",\"width\":512,\"height\":512,\"caption\":\"VINCI Airports\"},\"image\":{\"@id\":\"https:\/\/vinci-airports.com\/fr\/#\/schema\/logo\/image\/\"},\"sameAs\":[\"https:\/\/x.com\/vinciairports\",\"https:\/\/www.linkedin.com\/company\/vinci-airports\/\",\"https:\/\/www.youtube.com\/c\/VINCIAirportsNetwork\",\"https:\/\/www.instagram.com\/vinciairports\/\"]}]}<\/script>\n<!-- \/ Yoast SEO plugin. -->","yoast_head_json":{"title":"Optimiser les ressources gr\u00e2ce \u00e0 l'\u00e9conomie circulaire - VINCI Airports","description":"VINCI Airports adopte l'\u00e9conomie circulaire pour limiter son empreinte carbone, en int\u00e9grant des mat\u00e9riaux recycl\u00e9s et en optimisant la gestion des d\u00e9chets.","robots":{"index":"index","follow":"follow","max-snippet":"max-snippet:-1","max-image-preview":"max-image-preview:large","max-video-preview":"max-video-preview:-1"},"canonical":"https:\/\/vinci-airports.com\/fr\/nos-engagements\/optimiser-les-ressources-grace-a-leconomie-circulaire\/","og_locale":"fr_FR","og_type":"article","og_title":"Optimiser les ressources gr\u00e2ce \u00e0 l'\u00e9conomie circulaire - VINCI Airports","og_description":"VINCI Airports adopte l'\u00e9conomie circulaire pour limiter son empreinte carbone, en int\u00e9grant des mat\u00e9riaux recycl\u00e9s et en optimisant la gestion des d\u00e9chets.","og_url":"https:\/\/vinci-airports.com\/fr\/nos-engagements\/optimiser-les-ressources-grace-a-leconomie-circulaire\/","og_site_name":"VINCI Airports","article_modified_time":"2025-09-19T15:03:09+00:00","twitter_card":"summary_large_image","twitter_site":"@vinciairports","schema":{"@context":"https:\/\/schema.org","@graph":[{"@type":"WebPage","@id":"https:\/\/vinci-airports.com\/fr\/nos-engagements\/optimiser-les-ressources-grace-a-leconomie-circulaire\/","url":"https:\/\/vinci-airports.com\/fr\/nos-engagements\/optimiser-les-ressources-grace-a-leconomie-circulaire\/","name":"Optimiser les ressources gr\u00e2ce \u00e0 l'\u00e9conomie circulaire - VINCI Airports","isPartOf":{"@id":"https:\/\/vinci-airports.com\/fr\/#website"},"datePublished":"2024-07-12T11:44:32+00:00","dateModified":"2025-09-19T15:03:09+00:00","description":"VINCI Airports adopte l'\u00e9conomie circulaire pour limiter son empreinte carbone, en int\u00e9grant des mat\u00e9riaux recycl\u00e9s et en optimisant la gestion des d\u00e9chets.","breadcrumb":{"@id":"https:\/\/vinci-airports.com\/fr\/nos-engagements\/optimiser-les-ressources-grace-a-leconomie-circulaire\/#breadcrumb"},"inLanguage":"fr-FR","potentialAction":[{"@type":"ReadAction","target":["https:\/\/vinci-airports.com\/fr\/nos-engagements\/optimiser-les-ressources-grace-a-leconomie-circulaire\/"]}]},{"@type":"BreadcrumbList","@id":"https:\/\/vinci-airports.com\/fr\/nos-engagements\/optimiser-les-ressources-grace-a-leconomie-circulaire\/#breadcrumb","itemListElement":[{"@type":"ListItem","position":1,"name":"Home","item":"https:\/\/vinci-airports.com\/fr\/"},{"@type":"ListItem","position":2,"name":"Nos engagements","item":"https:\/\/vinci-airports.com\/fr\/nos-engagements\/"},{"@type":"ListItem","position":3,"name":"Optimiser les ressources gr\u00e2ce \u00e0 l&rsquo;\u00e9conomie circulaire"}]},{"@type":"WebSite","@id":"https:\/\/vinci-airports.com\/fr\/#website","url":"https:\/\/vinci-airports.com\/fr\/","name":"VINCI Airports","description":"Leader mondial des concessions a\u00e9roportuaires","publisher":{"@id":"https:\/\/vinci-airports.com\/fr\/#organization"},"potentialAction":[{"@type":"SearchAction","target":{"@type":"EntryPoint","urlTemplate":"https:\/\/vinci-airports.com\/fr\/?s={search_term_string}"},"query-input":{"@type":"PropertyValueSpecification","valueRequired":true,"valueName":"search_term_string"}}],"inLanguage":"fr-FR"},{"@type":"Organization","@id":"https:\/\/vinci-airports.com\/fr\/#organization","name":"VINCI Airports","url":"https:\/\/vinci-airports.com\/fr\/","logo":{"@type":"ImageObject","inLanguage":"fr-FR","@id":"https:\/\/vinci-airports.com\/fr\/#\/schema\/logo\/image\/","url":"https:\/\/vinci-airports.com\/wp-content\/uploads\/2025\/02\/cropped-Favicon.png","contentUrl":"https:\/\/vinci-airports.com\/wp-content\/uploads\/2025\/02\/cropped-Favicon.png","width":512,"height":512,"caption":"VINCI Airports"},"image":{"@id":"https:\/\/vinci-airports.com\/fr\/#\/schema\/logo\/image\/"},"sameAs":["https:\/\/x.com\/vinciairports","https:\/\/www.linkedin.com\/company\/vinci-airports\/","https:\/\/www.youtube.com\/c\/VINCIAirportsNetwork","https:\/\/www.instagram.com\/vinciairports\/"]}]}},"_links":{"self":[{"href":"https:\/\/vinci-airports.com\/fr\/wp-json\/wp\/v2\/pages\/580","targetHints":{"allow":["GET"]}}],"collection":[{"href":"https:\/\/vinci-airports.com\/fr\/wp-json\/wp\/v2\/pages"}],"about":[{"href":"https:\/\/vinci-airports.com\/fr\/wp-json\/wp\/v2\/types\/page"}],"author":[{"embeddable":true,"href":"https:\/\/vinci-airports.com\/fr\/wp-json\/wp\/v2\/users\/1"}],"replies":[{"embeddable":true,"href":"https:\/\/vinci-airports.com\/fr\/wp-json\/wp\/v2\/comments?post=580"}],"version-history":[{"count":1,"href":"https:\/\/vinci-airports.com\/fr\/wp-json\/wp\/v2\/pages\/580\/revisions"}],"predecessor-version":[{"id":3405,"href":"https:\/\/vinci-airports.com\/fr\/wp-json\/wp\/v2\/pages\/580\/revisions\/3405"}],"up":[{"embeddable":true,"href":"https:\/\/vinci-airports.com\/fr\/wp-json\/wp\/v2\/pages\/48"}],"wp:attachment":[{"href":"https:\/\/vinci-airports.com\/fr\/wp-json\/wp\/v2\/media?parent=580"}],"curies":[{"name":"wp","href":"https:\/\/api.w.org\/{rel}","templated":true}]}}